{"id":3425,"date":"2025-06-25T17:48:39","date_gmt":"2025-06-25T15:48:39","guid":{"rendered":"https:\/\/wordpress-j0w0sk8wgcc4kck40s0c00o4.cloud.bebity.io\/?post_type=product&#038;p=3425"},"modified":"2025-06-25T17:48:51","modified_gmt":"2025-06-25T15:48:51","slug":"bavaria-37-sport","status":"publish","type":"product","link":"https:\/\/boatsandyachtsworld.com\/en_gb\/product\/bavaria-37-sport\/","title":{"rendered":"Bavaria 37 Sport"},"content":{"rendered":"<p>Le <strong>Bavaria 37 Sport<\/strong> offers generous space on board, with a spacious forward cabin and bright saloon. The facilities are well thought out, including an outdoor galley equipped with a plancha, fridge and sink, as well as an outdoor shower with hot water. Equipped with Volvo D6 330 HP engines, the boat offers stable and pleasant sailing, even in rough seas. She reaches a maximum speed of around 65 km\/h and has a draught of 0.80 m, allowing easy access to wild anchorages. Visits are possible every day by appointment. Please do not hesitate to contact us for further information.<\/p>","protected":false},"excerpt":{"rendered":"<p>Le Bavaria 37 Sport offre un espace g\u00e9n\u00e9reux \u00e0 bord, avec une cabine avant spacieuse et un carr\u00e9 lumineux. Les am\u00e9nagements sont bien pens\u00e9s, incluant une cuisine ext\u00e9rieure \u00e9quip\u00e9e d&rsquo;une plancha, d&rsquo;un r\u00e9frig\u00e9rateur et d&rsquo;un \u00e9vier, ainsi qu&rsquo;une douche ext\u00e9rieure avec eau chaude. \u00c9quip\u00e9 de moteurs Volvo D6 330 CV, le bateau offre une navigation [&hellip;]<\/p>","protected":false},"featured_media":3426,"comment_status":"open","ping_status":"closed","template":"","meta":{"_acf_changed":false},"product_brand":[],"product_cat":[64],"product_tag":[],"class_list":{"0":"post-3425","1":"product","2":"type-product","3":"status-publish","4":"has-post-thumbnail","6":"product_cat-boats","8":"first","9":"instock","10":"purchasable","11":"product-type-simple"},"acf":[],"yoast_head":"<!-- This site is optimized with the Yoast SEO plugin v24.2 - https:\/\/yoast.com\/wordpress\/plugins\/seo\/ -->\n<title>Bavaria 37 Sport - Boats &amp; Yatchs<\/title>\n<meta name=\"robots\" content=\"index, follow, max-snippet:-1, max-image-preview:large, max-video-preview:-1\" \/>\n<link rel=\"canonical\" href=\"https:\/\/boatsandyachtsworld.com\/en_gb\/product\/bavaria-37-sport\/\" \/>\n<meta property=\"og:locale\" content=\"en_GB\" \/>\n<meta property=\"og:type\" content=\"article\" \/>\n<meta property=\"og:title\" content=\"Bavaria 37 Sport - Boats &amp; Yatchs\" \/>\n<meta property=\"og:description\" content=\"Le Bavaria 37 Sport offre un espace g\u00e9n\u00e9reux \u00e0 bord, avec une cabine avant spacieuse et un carr\u00e9 lumineux. Les am\u00e9nagements sont bien pens\u00e9s, incluant une cuisine ext\u00e9rieure \u00e9quip\u00e9e d&rsquo;une plancha, d&rsquo;un r\u00e9frig\u00e9rateur et d&rsquo;un \u00e9vier, ainsi qu&rsquo;une douche ext\u00e9rieure avec eau chaude. \u00c9quip\u00e9 de moteurs Volvo D6 330 CV, le bateau offre une navigation [&hellip;]\" \/>\n<meta property=\"og:url\" content=\"https:\/\/boatsandyachtsworld.com\/en_gb\/product\/bavaria-37-sport\/\" \/>\n<meta property=\"og:site_name\" content=\"Boats &amp; Yatchs\" \/>\n<meta property=\"article:modified_time\" content=\"2025-06-25T15:48:51+00:00\" \/>\n<meta property=\"og:image\" content=\"https:\/\/boatsandyachtsworld.com\/wp-content\/uploads\/2025\/06\/1-Bavaria-37-Sport-vue-avant-Empuriabrava.jpg\" \/>\n\t<meta property=\"og:image:width\" content=\"900\" \/>\n\t<meta property=\"og:image:height\" content=\"675\" \/>\n\t<meta property=\"og:image:type\" content=\"image\/jpeg\" \/>\n<meta name=\"twitter:card\" content=\"summary_large_image\" \/>\n<meta name=\"twitter:label1\" content=\"Estimated reading time\" \/>\n\t<meta name=\"twitter:data1\" content=\"1 minute\" \/>\n<script type=\"application\/ld+json\" class=\"yoast-schema-graph\">{\"@context\":\"https:\/\/schema.org\",\"@graph\":[{\"@type\":\"WebPage\",\"@id\":\"https:\/\/boatsandyachtsworld.com\/product\/bavaria-37-sport\/\",\"url\":\"https:\/\/boatsandyachtsworld.com\/product\/bavaria-37-sport\/\",\"name\":\"Bavaria 37 Sport - Boats &amp; Yatchs\",\"isPartOf\":{\"@id\":\"https:\/\/boatsandyachtsworld.com\/#website\"},\"primaryImageOfPage\":{\"@id\":\"https:\/\/boatsandyachtsworld.com\/product\/bavaria-37-sport\/#primaryimage\"},\"image\":{\"@id\":\"https:\/\/boatsandyachtsworld.com\/product\/bavaria-37-sport\/#primaryimage\"},\"thumbnailUrl\":\"https:\/\/boatsandyachtsworld.com\/wp-content\/uploads\/2025\/06\/1-Bavaria-37-Sport-vue-avant-Empuriabrava.jpg\",\"datePublished\":\"2025-06-25T15:48:39+00:00\",\"dateModified\":\"2025-06-25T15:48:51+00:00\",\"breadcrumb\":{\"@id\":\"https:\/\/boatsandyachtsworld.com\/product\/bavaria-37-sport\/#breadcrumb\"},\"inLanguage\":\"en-GB\",\"potentialAction\":[{\"@type\":\"ReadAction\",\"target\":[\"https:\/\/boatsandyachtsworld.com\/product\/bavaria-37-sport\/\"]}]},{\"@type\":\"ImageObject\",\"inLanguage\":\"en-GB\",\"@id\":\"https:\/\/boatsandyachtsworld.com\/product\/bavaria-37-sport\/#primaryimage\",\"url\":\"https:\/\/boatsandyachtsworld.com\/wp-content\/uploads\/2025\/06\/1-Bavaria-37-Sport-vue-avant-Empuriabrava.jpg\",\"contentUrl\":\"https:\/\/boatsandyachtsworld.com\/wp-content\/uploads\/2025\/06\/1-Bavaria-37-Sport-vue-avant-Empuriabrava.jpg\",\"width\":900,\"height\":675,\"caption\":\"Bavaria 37 Sport vue avant Empuriabrava\"},{\"@type\":\"BreadcrumbList\",\"@id\":\"https:\/\/boatsandyachtsworld.com\/product\/bavaria-37-sport\/#breadcrumb\",\"itemListElement\":[{\"@type\":\"ListItem\",\"position\":1,\"name\":\"Home\",\"item\":\"https:\/\/boatsandyachtsworld.com\/\"},{\"@type\":\"ListItem\",\"position\":2,\"name\":\"Shop\",\"item\":\"https:\/\/boatsandyachtsworld.com\/shop\/\"},{\"@type\":\"ListItem\",\"position\":3,\"name\":\"Bavaria 37 Sport\"}]},{\"@type\":\"WebSite\",\"@id\":\"https:\/\/boatsandyachtsworld.com\/#website\",\"url\":\"https:\/\/boatsandyachtsworld.com\/\",\"name\":\"Boats &amp; Yatchs\",\"description\":\"Directory &amp; Listings WP Theme\",\"potentialAction\":[{\"@type\":\"SearchAction\",\"target\":{\"@type\":\"EntryPoint\",\"urlTemplate\":\"https:\/\/boatsandyachtsworld.com\/?s={search_term_string}\"},\"query-input\":{\"@type\":\"PropertyValueSpecification\",\"valueRequired\":true,\"valueName\":\"search_term_string\"}}],\"inLanguage\":\"en-GB\"}]}<\/script>\n<!-- \/ Yoast SEO plugin. -->","yoast_head_json":{"title":"Bavaria 37 Sport - Boats &amp; Yatchs","robots":{"index":"index","follow":"follow","max-snippet":"max-snippet:-1","max-image-preview":"max-image-preview:large","max-video-preview":"max-video-preview:-1"},"canonical":"https:\/\/boatsandyachtsworld.com\/en_gb\/product\/bavaria-37-sport\/","og_locale":"en_GB","og_type":"article","og_title":"Bavaria 37 Sport - Boats &amp; Yatchs","og_description":"Le Bavaria 37 Sport offre un espace g\u00e9n\u00e9reux \u00e0 bord, avec une cabine avant spacieuse et un carr\u00e9 lumineux. Les am\u00e9nagements sont bien pens\u00e9s, incluant une cuisine ext\u00e9rieure \u00e9quip\u00e9e d&rsquo;une plancha, d&rsquo;un r\u00e9frig\u00e9rateur et d&rsquo;un \u00e9vier, ainsi qu&rsquo;une douche ext\u00e9rieure avec eau chaude. \u00c9quip\u00e9 de moteurs Volvo D6 330 CV, le bateau offre une navigation [&hellip;]","og_url":"https:\/\/boatsandyachtsworld.com\/en_gb\/product\/bavaria-37-sport\/","og_site_name":"Boats &amp; Yatchs","article_modified_time":"2025-06-25T15:48:51+00:00","og_image":[{"width":900,"height":675,"url":"https:\/\/boatsandyachtsworld.com\/wp-content\/uploads\/2025\/06\/1-Bavaria-37-Sport-vue-avant-Empuriabrava.jpg","type":"image\/jpeg"}],"twitter_card":"summary_large_image","twitter_misc":{"Estimated reading time":"1 minute"},"schema":{"@context":"https:\/\/schema.org","@graph":[{"@type":"WebPage","@id":"https:\/\/boatsandyachtsworld.com\/product\/bavaria-37-sport\/","url":"https:\/\/boatsandyachtsworld.com\/product\/bavaria-37-sport\/","name":"Bavaria 37 Sport - Boats &amp; Yatchs","isPartOf":{"@id":"https:\/\/boatsandyachtsworld.com\/#website"},"primaryImageOfPage":{"@id":"https:\/\/boatsandyachtsworld.com\/product\/bavaria-37-sport\/#primaryimage"},"image":{"@id":"https:\/\/boatsandyachtsworld.com\/product\/bavaria-37-sport\/#primaryimage"},"thumbnailUrl":"https:\/\/boatsandyachtsworld.com\/wp-content\/uploads\/2025\/06\/1-Bavaria-37-Sport-vue-avant-Empuriabrava.jpg","datePublished":"2025-06-25T15:48:39+00:00","dateModified":"2025-06-25T15:48:51+00:00","breadcrumb":{"@id":"https:\/\/boatsandyachtsworld.com\/product\/bavaria-37-sport\/#breadcrumb"},"inLanguage":"en-GB","potentialAction":[{"@type":"ReadAction","target":["https:\/\/boatsandyachtsworld.com\/product\/bavaria-37-sport\/"]}]},{"@type":"ImageObject","inLanguage":"en-GB","@id":"https:\/\/boatsandyachtsworld.com\/product\/bavaria-37-sport\/#primaryimage","url":"https:\/\/boatsandyachtsworld.com\/wp-content\/uploads\/2025\/06\/1-Bavaria-37-Sport-vue-avant-Empuriabrava.jpg","contentUrl":"https:\/\/boatsandyachtsworld.com\/wp-content\/uploads\/2025\/06\/1-Bavaria-37-Sport-vue-avant-Empuriabrava.jpg","width":900,"height":675,"caption":"Bavaria 37 Sport vue avant Empuriabrava"},{"@type":"BreadcrumbList","@id":"https:\/\/boatsandyachtsworld.com\/product\/bavaria-37-sport\/#breadcrumb","itemListElement":[{"@type":"ListItem","position":1,"name":"Home","item":"https:\/\/boatsandyachtsworld.com\/"},{"@type":"ListItem","position":2,"name":"Shop","item":"https:\/\/boatsandyachtsworld.com\/shop\/"},{"@type":"ListItem","position":3,"name":"Bavaria 37 Sport"}]},{"@type":"WebSite","@id":"https:\/\/boatsandyachtsworld.com\/#website","url":"https:\/\/boatsandyachtsworld.com\/","name":"Boats &amp; Yatchs","description":"Directory &amp; Listings WP Theme","potentialAction":[{"@type":"SearchAction","target":{"@type":"EntryPoint","urlTemplate":"https:\/\/boatsandyachtsworld.com\/?s={search_term_string}"},"query-input":{"@type":"PropertyValueSpecification","valueRequired":true,"valueName":"search_term_string"}}],"inLanguage":"en-GB"}]}},"_links":{"self":[{"href":"https:\/\/boatsandyachtsworld.com\/en_gb\/wp-json\/wp\/v2\/product\/3425","targetHints":{"allow":["GET"]}}],"collection":[{"href":"https:\/\/boatsandyachtsworld.com\/en_gb\/wp-json\/wp\/v2\/product"}],"about":[{"href":"https:\/\/boatsandyachtsworld.com\/en_gb\/wp-json\/wp\/v2\/types\/product"}],"replies":[{"embeddable":true,"href":"https:\/\/boatsandyachtsworld.com\/en_gb\/wp-json\/wp\/v2\/comments?post=3425"}],"version-history":[{"count":1,"href":"https:\/\/boatsandyachtsworld.com\/en_gb\/wp-json\/wp\/v2\/product\/3425\/revisions"}],"predecessor-version":[{"id":3442,"href":"https:\/\/boatsandyachtsworld.com\/en_gb\/wp-json\/wp\/v2\/product\/3425\/revisions\/3442"}],"wp:featuredmedia":[{"embeddable":true,"href":"https:\/\/boatsandyachtsworld.com\/en_gb\/wp-json\/wp\/v2\/media\/3426"}],"wp:attachment":[{"href":"https:\/\/boatsandyachtsworld.com\/en_gb\/wp-json\/wp\/v2\/media?parent=3425"}],"wp:term":[{"taxonomy":"product_brand","embeddable":true,"href":"https:\/\/boatsandyachtsworld.com\/en_gb\/wp-json\/wp\/v2\/product_brand?post=3425"},{"taxonomy":"product_cat","embeddable":true,"href":"https:\/\/boatsandyachtsworld.com\/en_gb\/wp-json\/wp\/v2\/product_cat?post=3425"},{"taxonomy":"product_tag","embeddable":true,"href":"https:\/\/boatsandyachtsworld.com\/en_gb\/wp-json\/wp\/v2\/product_tag?post=3425"}],"curies":[{"name":"wp","href":"https:\/\/api.w.org\/{rel}","templated":true}]}}