{"id":3807,"date":"2025-07-02T13:07:52","date_gmt":"2025-07-02T11:07:52","guid":{"rendered":"https:\/\/wordpress-j0w0sk8wgcc4kck40s0c00o4.cloud.bebity.io\/?post_type=product&#038;p=3807"},"modified":"2025-07-23T15:06:33","modified_gmt":"2025-07-23T13:06:33","slug":"bavaria-42-vision","status":"publish","type":"product","link":"https:\/\/boatsandyachtsworld.com\/en_gb\/product\/bavaria-42-vision\/","title":{"rendered":"Bavaria 42 Vision"},"content":{"rendered":"<p>Le <strong>Bavaria 42 Vision<\/strong> is a modern cruising yacht designed for comfort, performance and elegance. The Vision range stands out for its refined design and spacious accommodation. It combines clean lines with a wide cockpit, tapered bow and high-performance hull. This yacht is designed to offer a smooth and enjoyable sailing experience, while being practical for long cruises. This 2 cabin + 1 workshop cabin model from 2022 is in excellent condition. Numerous options (list on request 80000\u20ac) have been installed for comfortable offshore sailing. She has a retractable bow thruster and a retractable stern thruster. She is equipped with a self-tacking jib with electronic trimmer and the smart Sailing pack with 3 electric winches and a new wind generator. In addition to a 60 L\/H watermaker, 3 reversible air conditioning units are installed on board. All the sails are furled, the exterior upholstery is made to measure and a camping awning completely encloses the cockpit. The spaciousness and volume of the interior, with its high headroom, make for a very comfortable ride. There's also plenty of storage space. Visits possible every day by appointment. Please do not hesitate to contact us for any further information.<\/p>","protected":false},"excerpt":{"rendered":"<p>Le Bavaria 42 Vision est un voilier de croisi\u00e8re moderne, con\u00e7u pour offrir \u00e0 la fois confort, performance et \u00e9l\u00e9gance. La gamme Vision se distingue par son design raffin\u00e9 et ses am\u00e9nagements spacieux. Il allie des lignes \u00e9pur\u00e9es avec un cockpit large, une \u00e9trave effil\u00e9e et une coque performante. Ce voilier est con\u00e7u pour offrir [&hellip;]<\/p>","protected":false},"featured_media":3851,"comment_status":"open","ping_status":"closed","template":"","meta":{"_acf_changed":false},"product_brand":[],"product_cat":[64],"product_tag":[],"class_list":{"0":"post-3807","1":"product","2":"type-product","3":"status-publish","4":"has-post-thumbnail","6":"product_cat-boats","8":"first","9":"instock","10":"purchasable","11":"product-type-simple"},"acf":[],"yoast_head":"<!-- This site is optimized with the Yoast SEO plugin v24.2 - https:\/\/yoast.com\/wordpress\/plugins\/seo\/ -->\n<title>Bavaria 42 Vision - Boats &amp; Yatchs<\/title>\n<meta name=\"robots\" content=\"index, follow, max-snippet:-1, max-image-preview:large, max-video-preview:-1\" \/>\n<link rel=\"canonical\" href=\"https:\/\/boatsandyachtsworld.com\/en_gb\/product\/bavaria-42-vision\/\" \/>\n<meta property=\"og:locale\" content=\"en_GB\" \/>\n<meta property=\"og:type\" content=\"article\" \/>\n<meta property=\"og:title\" content=\"Bavaria 42 Vision - Boats &amp; Yatchs\" \/>\n<meta property=\"og:description\" content=\"Le Bavaria 42 Vision est un voilier de croisi\u00e8re moderne, con\u00e7u pour offrir \u00e0 la fois confort, performance et \u00e9l\u00e9gance. La gamme Vision se distingue par son design raffin\u00e9 et ses am\u00e9nagements spacieux. Il allie des lignes \u00e9pur\u00e9es avec un cockpit large, une \u00e9trave effil\u00e9e et une coque performante. Ce voilier est con\u00e7u pour offrir [&hellip;]\" \/>\n<meta property=\"og:url\" content=\"https:\/\/boatsandyachtsworld.com\/en_gb\/product\/bavaria-42-vision\/\" \/>\n<meta property=\"og:site_name\" content=\"Boats &amp; Yatchs\" \/>\n<meta property=\"article:modified_time\" content=\"2025-07-23T13:06:33+00:00\" \/>\n<meta property=\"og:image\" content=\"https:\/\/boatsandyachtsworld.com\/wp-content\/uploads\/2025\/07\/1-Bavaria-vision-42-sortie-de-port-Empuriabrava-1-rotated.jpg\" \/>\n\t<meta property=\"og:image:width\" content=\"540\" \/>\n\t<meta property=\"og:image:height\" content=\"720\" \/>\n\t<meta property=\"og:image:type\" content=\"image\/jpeg\" \/>\n<meta name=\"twitter:card\" content=\"summary_large_image\" \/>\n<meta name=\"twitter:label1\" content=\"Estimated reading time\" \/>\n\t<meta name=\"twitter:data1\" content=\"2 minutes\" \/>\n<script type=\"application\/ld+json\" class=\"yoast-schema-graph\">{\"@context\":\"https:\/\/schema.org\",\"@graph\":[{\"@type\":\"WebPage\",\"@id\":\"https:\/\/boatsandyachtsworld.com\/product\/bavaria-42-vision\/\",\"url\":\"https:\/\/boatsandyachtsworld.com\/product\/bavaria-42-vision\/\",\"name\":\"Bavaria 42 Vision - Boats &amp; Yatchs\",\"isPartOf\":{\"@id\":\"https:\/\/boatsandyachtsworld.com\/#website\"},\"primaryImageOfPage\":{\"@id\":\"https:\/\/boatsandyachtsworld.com\/product\/bavaria-42-vision\/#primaryimage\"},\"image\":{\"@id\":\"https:\/\/boatsandyachtsworld.com\/product\/bavaria-42-vision\/#primaryimage\"},\"thumbnailUrl\":\"https:\/\/boatsandyachtsworld.com\/wp-content\/uploads\/2025\/07\/1-Bavaria-vision-42-sortie-de-port-Empuriabrava-1-rotated.jpg\",\"datePublished\":\"2025-07-02T11:07:52+00:00\",\"dateModified\":\"2025-07-23T13:06:33+00:00\",\"breadcrumb\":{\"@id\":\"https:\/\/boatsandyachtsworld.com\/product\/bavaria-42-vision\/#breadcrumb\"},\"inLanguage\":\"en-GB\",\"potentialAction\":[{\"@type\":\"ReadAction\",\"target\":[\"https:\/\/boatsandyachtsworld.com\/product\/bavaria-42-vision\/\"]}]},{\"@type\":\"ImageObject\",\"inLanguage\":\"en-GB\",\"@id\":\"https:\/\/boatsandyachtsworld.com\/product\/bavaria-42-vision\/#primaryimage\",\"url\":\"https:\/\/boatsandyachtsworld.com\/wp-content\/uploads\/2025\/07\/1-Bavaria-vision-42-sortie-de-port-Empuriabrava-1-rotated.jpg\",\"contentUrl\":\"https:\/\/boatsandyachtsworld.com\/wp-content\/uploads\/2025\/07\/1-Bavaria-vision-42-sortie-de-port-Empuriabrava-1-rotated.jpg\",\"width\":540,\"height\":720},{\"@type\":\"BreadcrumbList\",\"@id\":\"https:\/\/boatsandyachtsworld.com\/product\/bavaria-42-vision\/#breadcrumb\",\"itemListElement\":[{\"@type\":\"ListItem\",\"position\":1,\"name\":\"Home\",\"item\":\"https:\/\/boatsandyachtsworld.com\/\"},{\"@type\":\"ListItem\",\"position\":2,\"name\":\"Shop\",\"item\":\"https:\/\/boatsandyachtsworld.com\/shop\/\"},{\"@type\":\"ListItem\",\"position\":3,\"name\":\"Bavaria 42 Vision\"}]},{\"@type\":\"WebSite\",\"@id\":\"https:\/\/boatsandyachtsworld.com\/#website\",\"url\":\"https:\/\/boatsandyachtsworld.com\/\",\"name\":\"Boats &amp; Yatchs\",\"description\":\"Directory &amp; Listings WP Theme\",\"potentialAction\":[{\"@type\":\"SearchAction\",\"target\":{\"@type\":\"EntryPoint\",\"urlTemplate\":\"https:\/\/boatsandyachtsworld.com\/?s={search_term_string}\"},\"query-input\":{\"@type\":\"PropertyValueSpecification\",\"valueRequired\":true,\"valueName\":\"search_term_string\"}}],\"inLanguage\":\"en-GB\"}]}<\/script>\n<!-- \/ Yoast SEO plugin. -->","yoast_head_json":{"title":"Bavaria 42 Vision - Boats &amp; Yatchs","robots":{"index":"index","follow":"follow","max-snippet":"max-snippet:-1","max-image-preview":"max-image-preview:large","max-video-preview":"max-video-preview:-1"},"canonical":"https:\/\/boatsandyachtsworld.com\/en_gb\/product\/bavaria-42-vision\/","og_locale":"en_GB","og_type":"article","og_title":"Bavaria 42 Vision - Boats &amp; Yatchs","og_description":"Le Bavaria 42 Vision est un voilier de croisi\u00e8re moderne, con\u00e7u pour offrir \u00e0 la fois confort, performance et \u00e9l\u00e9gance. La gamme Vision se distingue par son design raffin\u00e9 et ses am\u00e9nagements spacieux. Il allie des lignes \u00e9pur\u00e9es avec un cockpit large, une \u00e9trave effil\u00e9e et une coque performante. Ce voilier est con\u00e7u pour offrir [&hellip;]","og_url":"https:\/\/boatsandyachtsworld.com\/en_gb\/product\/bavaria-42-vision\/","og_site_name":"Boats &amp; Yatchs","article_modified_time":"2025-07-23T13:06:33+00:00","og_image":[{"width":540,"height":720,"url":"https:\/\/boatsandyachtsworld.com\/wp-content\/uploads\/2025\/07\/1-Bavaria-vision-42-sortie-de-port-Empuriabrava-1-rotated.jpg","type":"image\/jpeg"}],"twitter_card":"summary_large_image","twitter_misc":{"Estimated reading time":"2 minutes"},"schema":{"@context":"https:\/\/schema.org","@graph":[{"@type":"WebPage","@id":"https:\/\/boatsandyachtsworld.com\/product\/bavaria-42-vision\/","url":"https:\/\/boatsandyachtsworld.com\/product\/bavaria-42-vision\/","name":"Bavaria 42 Vision - Boats &amp; Yatchs","isPartOf":{"@id":"https:\/\/boatsandyachtsworld.com\/#website"},"primaryImageOfPage":{"@id":"https:\/\/boatsandyachtsworld.com\/product\/bavaria-42-vision\/#primaryimage"},"image":{"@id":"https:\/\/boatsandyachtsworld.com\/product\/bavaria-42-vision\/#primaryimage"},"thumbnailUrl":"https:\/\/boatsandyachtsworld.com\/wp-content\/uploads\/2025\/07\/1-Bavaria-vision-42-sortie-de-port-Empuriabrava-1-rotated.jpg","datePublished":"2025-07-02T11:07:52+00:00","dateModified":"2025-07-23T13:06:33+00:00","breadcrumb":{"@id":"https:\/\/boatsandyachtsworld.com\/product\/bavaria-42-vision\/#breadcrumb"},"inLanguage":"en-GB","potentialAction":[{"@type":"ReadAction","target":["https:\/\/boatsandyachtsworld.com\/product\/bavaria-42-vision\/"]}]},{"@type":"ImageObject","inLanguage":"en-GB","@id":"https:\/\/boatsandyachtsworld.com\/product\/bavaria-42-vision\/#primaryimage","url":"https:\/\/boatsandyachtsworld.com\/wp-content\/uploads\/2025\/07\/1-Bavaria-vision-42-sortie-de-port-Empuriabrava-1-rotated.jpg","contentUrl":"https:\/\/boatsandyachtsworld.com\/wp-content\/uploads\/2025\/07\/1-Bavaria-vision-42-sortie-de-port-Empuriabrava-1-rotated.jpg","width":540,"height":720},{"@type":"BreadcrumbList","@id":"https:\/\/boatsandyachtsworld.com\/product\/bavaria-42-vision\/#breadcrumb","itemListElement":[{"@type":"ListItem","position":1,"name":"Home","item":"https:\/\/boatsandyachtsworld.com\/"},{"@type":"ListItem","position":2,"name":"Shop","item":"https:\/\/boatsandyachtsworld.com\/shop\/"},{"@type":"ListItem","position":3,"name":"Bavaria 42 Vision"}]},{"@type":"WebSite","@id":"https:\/\/boatsandyachtsworld.com\/#website","url":"https:\/\/boatsandyachtsworld.com\/","name":"Boats &amp; Yatchs","description":"Directory &amp; Listings WP Theme","potentialAction":[{"@type":"SearchAction","target":{"@type":"EntryPoint","urlTemplate":"https:\/\/boatsandyachtsworld.com\/?s={search_term_string}"},"query-input":{"@type":"PropertyValueSpecification","valueRequired":true,"valueName":"search_term_string"}}],"inLanguage":"en-GB"}]}},"_links":{"self":[{"href":"https:\/\/boatsandyachtsworld.com\/en_gb\/wp-json\/wp\/v2\/product\/3807","targetHints":{"allow":["GET"]}}],"collection":[{"href":"https:\/\/boatsandyachtsworld.com\/en_gb\/wp-json\/wp\/v2\/product"}],"about":[{"href":"https:\/\/boatsandyachtsworld.com\/en_gb\/wp-json\/wp\/v2\/types\/product"}],"replies":[{"embeddable":true,"href":"https:\/\/boatsandyachtsworld.com\/en_gb\/wp-json\/wp\/v2\/comments?post=3807"}],"version-history":[{"count":2,"href":"https:\/\/boatsandyachtsworld.com\/en_gb\/wp-json\/wp\/v2\/product\/3807\/revisions"}],"predecessor-version":[{"id":3846,"href":"https:\/\/boatsandyachtsworld.com\/en_gb\/wp-json\/wp\/v2\/product\/3807\/revisions\/3846"}],"wp:featuredmedia":[{"embeddable":true,"href":"https:\/\/boatsandyachtsworld.com\/en_gb\/wp-json\/wp\/v2\/media\/3851"}],"wp:attachment":[{"href":"https:\/\/boatsandyachtsworld.com\/en_gb\/wp-json\/wp\/v2\/media?parent=3807"}],"wp:term":[{"taxonomy":"product_brand","embeddable":true,"href":"https:\/\/boatsandyachtsworld.com\/en_gb\/wp-json\/wp\/v2\/product_brand?post=3807"},{"taxonomy":"product_cat","embeddable":true,"href":"https:\/\/boatsandyachtsworld.com\/en_gb\/wp-json\/wp\/v2\/product_cat?post=3807"},{"taxonomy":"product_tag","embeddable":true,"href":"https:\/\/boatsandyachtsworld.com\/en_gb\/wp-json\/wp\/v2\/product_tag?post=3807"}],"curies":[{"name":"wp","href":"https:\/\/api.w.org\/{rel}","templated":true}]}}