{"id":2896,"date":"2025-04-21T11:35:11","date_gmt":"2025-04-21T09:35:11","guid":{"rendered":"https:\/\/wordpress-j0w0sk8wgcc4kck40s0c00o4.cloud.bebity.io\/?post_type=product&#038;p=2896"},"modified":"2025-04-21T12:04:16","modified_gmt":"2025-04-21T10:04:16","slug":"2896","status":"publish","type":"product","link":"https:\/\/boatsandyachtsworld.com\/es_es\/product\/2896\/","title":{"rendered":"ANEM\u00d3METRO Mi9000P"},"content":{"rendered":"<p>Los anem\u00f3metros de la serie Mi9000 est\u00e1n especialmente dise\u00f1ados para buques.<br \/>\n- Son del tipo de eje giratorio accionado por el viento y cumplen los requisitos de rendimiento y funcionamiento de las normas internacionales ISO.<br \/>\ny cumple los requisitos de rendimiento y funcionamiento de las normas internacionales ISO.<br \/>\n- La carcasa del sensor est\u00e1 fabricada en pl\u00e1stico de larga duraci\u00f3n resistente a la corrosi\u00f3n y es apta para todo tipo de recipientes,<br \/>\nespecialmente para el entorno de trabajo de los buques costeros y oce\u00e1nicos.<br \/>\n- El uso de un sensor codificador absoluto permite una adquisici\u00f3n m\u00e1s precisa.<br \/>\n- La pantalla es t\u00e1ctil LCD de alta definici\u00f3n de 7 pulgadas, con un dise\u00f1o elegante y f\u00e1cil de usar.<br \/>\n- El dise\u00f1o de la interfaz adopta el estilo de dise\u00f1o de las embarcaciones profesionales internacionales, con tres modos de visualizaci\u00f3n de selecci\u00f3n flexible para la velocidad y direcci\u00f3n del viento real, la velocidad y direcci\u00f3n del viento relativo y la velocidad y direcci\u00f3n del viento en tierra.<br \/>\n- Los 4 modos de combinaci\u00f3n de colores (soleado, nublado, crep\u00fasculo y noche) permiten conseguir efectos visuales confortables en distintos entornos de iluminaci\u00f3n. El modo de conmutaci\u00f3n autom\u00e1tica puede cambiar autom\u00e1ticamente seg\u00fan la hora de salida y puesta del sol.<br \/>\nEl modo de conmutaci\u00f3n autom\u00e1tica puede conmutar autom\u00e1ticamente el modo seg\u00fan la hora de salida y puesta del sol, y tambi\u00e9n puede ajustar la hora de conmutaci\u00f3n seg\u00fan sea necesario.<br \/>\n- La entrada y salida multicanal NMEA0183 puede conectarse a la bit\u00e1cora, la br\u00fajula por sat\u00e9lite, la antena GNSS, etc., y proporciona datos est\u00e1ndar de direcci\u00f3n y velocidad del viento para otros equipos de navegaci\u00f3n.<\/p>","protected":false},"excerpt":{"rendered":"<p>Les an\u00e9mom\u00e8tres de la s\u00e9rie Mi9000 sont sp\u00e9cialement con\u00e7us pour les navires. &#8211; Ils appartiennent au type d&rsquo;arbre rotatif entra\u00een\u00e9 par le vent et r\u00e9pondent aux exigences de performance et de fonctionnement des normes internationales ISO et r\u00e9pond aux exigences de performance et de fonctionnement des normes internationales ISO. &#8211; La coque du capteur est [&hellip;]<\/p>","protected":false},"featured_media":2904,"comment_status":"open","ping_status":"closed","template":"","meta":{"_acf_changed":false},"product_brand":[],"product_cat":[65,80],"product_tag":[],"class_list":{"0":"post-2896","1":"product","2":"type-product","3":"status-publish","4":"has-post-thumbnail","6":"product_cat-accessories","7":"product_cat-nautical-instruments","9":"first","10":"instock","11":"taxable","12":"shipping-taxable","13":"purchasable","14":"product-type-simple"},"acf":[],"yoast_head":"<!-- This site is optimized with the Yoast SEO plugin v24.2 - https:\/\/yoast.com\/wordpress\/plugins\/seo\/ -->\n<title>AN\u00c9MOM\u00c8TRE Mi9000P - Boats &amp; Yatchs<\/title>\n<meta name=\"robots\" content=\"index, follow, max-snippet:-1, max-image-preview:large, max-video-preview:-1\" \/>\n<link rel=\"canonical\" href=\"https:\/\/boatsandyachtsworld.com\/es_es\/product\/2896\/\" \/>\n<meta property=\"og:locale\" content=\"es_ES\" \/>\n<meta property=\"og:type\" content=\"article\" \/>\n<meta property=\"og:title\" content=\"AN\u00c9MOM\u00c8TRE Mi9000P - Boats &amp; Yatchs\" \/>\n<meta property=\"og:description\" content=\"Les an\u00e9mom\u00e8tres de la s\u00e9rie Mi9000 sont sp\u00e9cialement con\u00e7us pour les navires. &#8211; Ils appartiennent au type d&rsquo;arbre rotatif entra\u00een\u00e9 par le vent et r\u00e9pondent aux exigences de performance et de fonctionnement des normes internationales ISO et r\u00e9pond aux exigences de performance et de fonctionnement des normes internationales ISO. &#8211; La coque du capteur est [&hellip;]\" \/>\n<meta property=\"og:url\" content=\"https:\/\/boatsandyachtsworld.com\/es_es\/product\/2896\/\" \/>\n<meta property=\"og:site_name\" content=\"Boats &amp; Yatchs\" \/>\n<meta property=\"article:modified_time\" content=\"2025-04-21T10:04:16+00:00\" \/>\n<meta property=\"og:image\" content=\"https:\/\/boatsandyachtsworld.com\/wp-content\/uploads\/2025\/04\/Capture-decran-2025-04-21-a-11.51.20.png\" \/>\n\t<meta property=\"og:image:width\" content=\"824\" \/>\n\t<meta property=\"og:image:height\" content=\"868\" \/>\n\t<meta property=\"og:image:type\" content=\"image\/png\" \/>\n<meta name=\"twitter:card\" content=\"summary_large_image\" \/>\n<meta name=\"twitter:label1\" content=\"Tiempo de lectura\" \/>\n\t<meta name=\"twitter:data1\" content=\"2 minutos\" \/>\n<script type=\"application\/ld+json\" class=\"yoast-schema-graph\">{\"@context\":\"https:\/\/schema.org\",\"@graph\":[{\"@type\":\"WebPage\",\"@id\":\"https:\/\/boatsandyachtsworld.com\/product\/2896\/\",\"url\":\"https:\/\/boatsandyachtsworld.com\/product\/2896\/\",\"name\":\"AN\u00c9MOM\u00c8TRE Mi9000P - Boats &amp; Yatchs\",\"isPartOf\":{\"@id\":\"https:\/\/boatsandyachtsworld.com\/#website\"},\"primaryImageOfPage\":{\"@id\":\"https:\/\/boatsandyachtsworld.com\/product\/2896\/#primaryimage\"},\"image\":{\"@id\":\"https:\/\/boatsandyachtsworld.com\/product\/2896\/#primaryimage\"},\"thumbnailUrl\":\"https:\/\/boatsandyachtsworld.com\/wp-content\/uploads\/2025\/04\/Capture-decran-2025-04-21-a-11.51.20.png\",\"datePublished\":\"2025-04-21T09:35:11+00:00\",\"dateModified\":\"2025-04-21T10:04:16+00:00\",\"breadcrumb\":{\"@id\":\"https:\/\/boatsandyachtsworld.com\/product\/2896\/#breadcrumb\"},\"inLanguage\":\"es\",\"potentialAction\":[{\"@type\":\"ReadAction\",\"target\":[\"https:\/\/boatsandyachtsworld.com\/product\/2896\/\"]}]},{\"@type\":\"ImageObject\",\"inLanguage\":\"es\",\"@id\":\"https:\/\/boatsandyachtsworld.com\/product\/2896\/#primaryimage\",\"url\":\"https:\/\/boatsandyachtsworld.com\/wp-content\/uploads\/2025\/04\/Capture-decran-2025-04-21-a-11.51.20.png\",\"contentUrl\":\"https:\/\/boatsandyachtsworld.com\/wp-content\/uploads\/2025\/04\/Capture-decran-2025-04-21-a-11.51.20.png\",\"width\":824,\"height\":868},{\"@type\":\"BreadcrumbList\",\"@id\":\"https:\/\/boatsandyachtsworld.com\/product\/2896\/#breadcrumb\",\"itemListElement\":[{\"@type\":\"ListItem\",\"position\":1,\"name\":\"Home\",\"item\":\"https:\/\/boatsandyachtsworld.com\/\"},{\"@type\":\"ListItem\",\"position\":2,\"name\":\"Shop\",\"item\":\"https:\/\/boatsandyachtsworld.com\/shop\/\"},{\"@type\":\"ListItem\",\"position\":3,\"name\":\"AN\u00c9MOM\u00c8TRE Mi9000P\"}]},{\"@type\":\"WebSite\",\"@id\":\"https:\/\/boatsandyachtsworld.com\/#website\",\"url\":\"https:\/\/boatsandyachtsworld.com\/\",\"name\":\"Boats &amp; Yatchs\",\"description\":\"Directory &amp; Listings WP Theme\",\"potentialAction\":[{\"@type\":\"SearchAction\",\"target\":{\"@type\":\"EntryPoint\",\"urlTemplate\":\"https:\/\/boatsandyachtsworld.com\/?s={search_term_string}\"},\"query-input\":{\"@type\":\"PropertyValueSpecification\",\"valueRequired\":true,\"valueName\":\"search_term_string\"}}],\"inLanguage\":\"es\"}]}<\/script>\n<!-- \/ Yoast SEO plugin. -->","yoast_head_json":{"title":"AN\u00c9MOM\u00c8TRE Mi9000P - Boats &amp; Yatchs","robots":{"index":"index","follow":"follow","max-snippet":"max-snippet:-1","max-image-preview":"max-image-preview:large","max-video-preview":"max-video-preview:-1"},"canonical":"https:\/\/boatsandyachtsworld.com\/es_es\/product\/2896\/","og_locale":"es_ES","og_type":"article","og_title":"AN\u00c9MOM\u00c8TRE Mi9000P - Boats &amp; Yatchs","og_description":"Les an\u00e9mom\u00e8tres de la s\u00e9rie Mi9000 sont sp\u00e9cialement con\u00e7us pour les navires. &#8211; Ils appartiennent au type d&rsquo;arbre rotatif entra\u00een\u00e9 par le vent et r\u00e9pondent aux exigences de performance et de fonctionnement des normes internationales ISO et r\u00e9pond aux exigences de performance et de fonctionnement des normes internationales ISO. &#8211; La coque du capteur est [&hellip;]","og_url":"https:\/\/boatsandyachtsworld.com\/es_es\/product\/2896\/","og_site_name":"Boats &amp; Yatchs","article_modified_time":"2025-04-21T10:04:16+00:00","og_image":[{"width":824,"height":868,"url":"https:\/\/boatsandyachtsworld.com\/wp-content\/uploads\/2025\/04\/Capture-decran-2025-04-21-a-11.51.20.png","type":"image\/png"}],"twitter_card":"summary_large_image","twitter_misc":{"Tiempo de lectura":"2 minutos"},"schema":{"@context":"https:\/\/schema.org","@graph":[{"@type":"WebPage","@id":"https:\/\/boatsandyachtsworld.com\/product\/2896\/","url":"https:\/\/boatsandyachtsworld.com\/product\/2896\/","name":"AN\u00c9MOM\u00c8TRE Mi9000P - Boats &amp; Yatchs","isPartOf":{"@id":"https:\/\/boatsandyachtsworld.com\/#website"},"primaryImageOfPage":{"@id":"https:\/\/boatsandyachtsworld.com\/product\/2896\/#primaryimage"},"image":{"@id":"https:\/\/boatsandyachtsworld.com\/product\/2896\/#primaryimage"},"thumbnailUrl":"https:\/\/boatsandyachtsworld.com\/wp-content\/uploads\/2025\/04\/Capture-decran-2025-04-21-a-11.51.20.png","datePublished":"2025-04-21T09:35:11+00:00","dateModified":"2025-04-21T10:04:16+00:00","breadcrumb":{"@id":"https:\/\/boatsandyachtsworld.com\/product\/2896\/#breadcrumb"},"inLanguage":"es","potentialAction":[{"@type":"ReadAction","target":["https:\/\/boatsandyachtsworld.com\/product\/2896\/"]}]},{"@type":"ImageObject","inLanguage":"es","@id":"https:\/\/boatsandyachtsworld.com\/product\/2896\/#primaryimage","url":"https:\/\/boatsandyachtsworld.com\/wp-content\/uploads\/2025\/04\/Capture-decran-2025-04-21-a-11.51.20.png","contentUrl":"https:\/\/boatsandyachtsworld.com\/wp-content\/uploads\/2025\/04\/Capture-decran-2025-04-21-a-11.51.20.png","width":824,"height":868},{"@type":"BreadcrumbList","@id":"https:\/\/boatsandyachtsworld.com\/product\/2896\/#breadcrumb","itemListElement":[{"@type":"ListItem","position":1,"name":"Home","item":"https:\/\/boatsandyachtsworld.com\/"},{"@type":"ListItem","position":2,"name":"Shop","item":"https:\/\/boatsandyachtsworld.com\/shop\/"},{"@type":"ListItem","position":3,"name":"AN\u00c9MOM\u00c8TRE Mi9000P"}]},{"@type":"WebSite","@id":"https:\/\/boatsandyachtsworld.com\/#website","url":"https:\/\/boatsandyachtsworld.com\/","name":"Boats &amp; Yatchs","description":"Directory &amp; Listings WP Theme","potentialAction":[{"@type":"SearchAction","target":{"@type":"EntryPoint","urlTemplate":"https:\/\/boatsandyachtsworld.com\/?s={search_term_string}"},"query-input":{"@type":"PropertyValueSpecification","valueRequired":true,"valueName":"search_term_string"}}],"inLanguage":"es"}]}},"_links":{"self":[{"href":"https:\/\/boatsandyachtsworld.com\/es_es\/wp-json\/wp\/v2\/product\/2896","targetHints":{"allow":["GET"]}}],"collection":[{"href":"https:\/\/boatsandyachtsworld.com\/es_es\/wp-json\/wp\/v2\/product"}],"about":[{"href":"https:\/\/boatsandyachtsworld.com\/es_es\/wp-json\/wp\/v2\/types\/product"}],"replies":[{"embeddable":true,"href":"https:\/\/boatsandyachtsworld.com\/es_es\/wp-json\/wp\/v2\/comments?post=2896"}],"version-history":[{"count":3,"href":"https:\/\/boatsandyachtsworld.com\/es_es\/wp-json\/wp\/v2\/product\/2896\/revisions"}],"predecessor-version":[{"id":2903,"href":"https:\/\/boatsandyachtsworld.com\/es_es\/wp-json\/wp\/v2\/product\/2896\/revisions\/2903"}],"wp:featuredmedia":[{"embeddable":true,"href":"https:\/\/boatsandyachtsworld.com\/es_es\/wp-json\/wp\/v2\/media\/2904"}],"wp:attachment":[{"href":"https:\/\/boatsandyachtsworld.com\/es_es\/wp-json\/wp\/v2\/media?parent=2896"}],"wp:term":[{"taxonomy":"product_brand","embeddable":true,"href":"https:\/\/boatsandyachtsworld.com\/es_es\/wp-json\/wp\/v2\/product_brand?post=2896"},{"taxonomy":"product_cat","embeddable":true,"href":"https:\/\/boatsandyachtsworld.com\/es_es\/wp-json\/wp\/v2\/product_cat?post=2896"},{"taxonomy":"product_tag","embeddable":true,"href":"https:\/\/boatsandyachtsworld.com\/es_es\/wp-json\/wp\/v2\/product_tag?post=2896"}],"curies":[{"name":"wp","href":"https:\/\/api.w.org\/{rel}","templated":true}]}}