{"id":3028,"date":"2025-05-05T17:07:39","date_gmt":"2025-05-05T15:07:39","guid":{"rendered":"https:\/\/wordpress-j0w0sk8wgcc4kck40s0c00o4.cloud.bebity.io\/?post_type=product&#038;p=3028"},"modified":"2025-05-08T19:41:13","modified_gmt":"2025-05-08T17:41:13","slug":"luxe-motor-1620","status":"publish","type":"product","link":"https:\/\/boatsandyachtsworld.com\/es_es\/product\/luxe-motor-1620\/","title":{"rendered":"Luxe Motor 16,20"},"content":{"rendered":"<p>Este yate a motor <strong>Vripack Luxe desde 16.20<\/strong> m es un barco hecho a medida. Est\u00e1 construido en acero de alta calidad. Su interior de madera le confiere un encanto de \u00e9poca. Esta embarcaci\u00f3n est\u00e1 homologada para la navegaci\u00f3n mar\u00edtima y fluvial, y ofrece una amplia gama de actividades n\u00e1uticas. La electr\u00f3nica es moderna y adecuada para todo tipo de navegaci\u00f3n. El confort interior incluye tres camarotes dobles con dos cuartos de ba\u00f1o, un amplio sal\u00f3n y una moderna cocina totalmente equipada. Hay calefacci\u00f3n por suelo radiante y un espacioso sal\u00f3n exterior con mesa para ocho personas. Tambi\u00e9n hay una litera.<br \/>\nVisitas todos los d\u00edas con cita previa. No dude en ponerse en contacto con nosotros a trav\u00e9s de nuestro sitio web o por tel\u00e9fono.<\/p>","protected":false},"excerpt":{"rendered":"<p>Ce yacht \u00e0 moteur Vripack Luxe de 16,20 m est un bateau sur mesure. Il est construit en acier de haute qualit\u00e9. Ses am\u00e9nagements int\u00e9rieurs en bois lui conf\u00e8rent un charme vintage. Ce bateau est certifi\u00e9 pour la navigation maritime et fluviale, offrant un large \u00e9ventail d&rsquo;activit\u00e9s nautiques. Son \u00e9lectronique est moderne et adapt\u00e9e \u00e0 [&hellip;]<\/p>","protected":false},"featured_media":3029,"comment_status":"open","ping_status":"closed","template":"","meta":{"_acf_changed":false},"product_brand":[],"product_cat":[64],"product_tag":[],"class_list":{"0":"post-3028","1":"product","2":"type-product","3":"status-publish","4":"has-post-thumbnail","6":"product_cat-boats","8":"first","9":"instock","10":"taxable","11":"shipping-taxable","12":"purchasable","13":"product-type-simple"},"acf":[],"yoast_head":"<!-- This site is optimized with the Yoast SEO plugin v24.2 - https:\/\/yoast.com\/wordpress\/plugins\/seo\/ -->\n<title>Luxe Motor 16,20 - Boats &amp; Yatchs<\/title>\n<meta name=\"robots\" content=\"index, follow, max-snippet:-1, max-image-preview:large, max-video-preview:-1\" \/>\n<link rel=\"canonical\" href=\"https:\/\/boatsandyachtsworld.com\/es_es\/product\/luxe-motor-1620\/\" \/>\n<meta property=\"og:locale\" content=\"es_ES\" \/>\n<meta property=\"og:type\" content=\"article\" \/>\n<meta property=\"og:title\" content=\"Luxe Motor 16,20 - Boats &amp; Yatchs\" \/>\n<meta property=\"og:description\" content=\"Ce yacht \u00e0 moteur Vripack Luxe de 16,20 m est un bateau sur mesure. Il est construit en acier de haute qualit\u00e9. Ses am\u00e9nagements int\u00e9rieurs en bois lui conf\u00e8rent un charme vintage. Ce bateau est certifi\u00e9 pour la navigation maritime et fluviale, offrant un large \u00e9ventail d&rsquo;activit\u00e9s nautiques. Son \u00e9lectronique est moderne et adapt\u00e9e \u00e0 [&hellip;]\" \/>\n<meta property=\"og:url\" content=\"https:\/\/boatsandyachtsworld.com\/es_es\/product\/luxe-motor-1620\/\" \/>\n<meta property=\"og:site_name\" content=\"Boats &amp; Yatchs\" \/>\n<meta property=\"article:modified_time\" content=\"2025-05-08T17:41:13+00:00\" \/>\n<meta property=\"og:image\" content=\"https:\/\/boatsandyachtsworld.com\/wp-content\/uploads\/2025\/05\/1.jpg\" \/>\n\t<meta property=\"og:image:width\" content=\"900\" \/>\n\t<meta property=\"og:image:height\" content=\"675\" \/>\n\t<meta property=\"og:image:type\" content=\"image\/jpeg\" \/>\n<meta name=\"twitter:card\" content=\"summary_large_image\" \/>\n<meta name=\"twitter:label1\" content=\"Tiempo de lectura\" \/>\n\t<meta name=\"twitter:data1\" content=\"1 minuto\" \/>\n<script type=\"application\/ld+json\" class=\"yoast-schema-graph\">{\"@context\":\"https:\/\/schema.org\",\"@graph\":[{\"@type\":\"WebPage\",\"@id\":\"https:\/\/boatsandyachtsworld.com\/product\/luxe-motor-1620\/\",\"url\":\"https:\/\/boatsandyachtsworld.com\/product\/luxe-motor-1620\/\",\"name\":\"Luxe Motor 16,20 - Boats &amp; Yatchs\",\"isPartOf\":{\"@id\":\"https:\/\/boatsandyachtsworld.com\/#website\"},\"primaryImageOfPage\":{\"@id\":\"https:\/\/boatsandyachtsworld.com\/product\/luxe-motor-1620\/#primaryimage\"},\"image\":{\"@id\":\"https:\/\/boatsandyachtsworld.com\/product\/luxe-motor-1620\/#primaryimage\"},\"thumbnailUrl\":\"https:\/\/boatsandyachtsworld.com\/wp-content\/uploads\/2025\/05\/1.jpg\",\"datePublished\":\"2025-05-05T15:07:39+00:00\",\"dateModified\":\"2025-05-08T17:41:13+00:00\",\"breadcrumb\":{\"@id\":\"https:\/\/boatsandyachtsworld.com\/product\/luxe-motor-1620\/#breadcrumb\"},\"inLanguage\":\"es\",\"potentialAction\":[{\"@type\":\"ReadAction\",\"target\":[\"https:\/\/boatsandyachtsworld.com\/product\/luxe-motor-1620\/\"]}]},{\"@type\":\"ImageObject\",\"inLanguage\":\"es\",\"@id\":\"https:\/\/boatsandyachtsworld.com\/product\/luxe-motor-1620\/#primaryimage\",\"url\":\"https:\/\/boatsandyachtsworld.com\/wp-content\/uploads\/2025\/05\/1.jpg\",\"contentUrl\":\"https:\/\/boatsandyachtsworld.com\/wp-content\/uploads\/2025\/05\/1.jpg\",\"width\":900,\"height\":675},{\"@type\":\"BreadcrumbList\",\"@id\":\"https:\/\/boatsandyachtsworld.com\/product\/luxe-motor-1620\/#breadcrumb\",\"itemListElement\":[{\"@type\":\"ListItem\",\"position\":1,\"name\":\"Home\",\"item\":\"https:\/\/boatsandyachtsworld.com\/\"},{\"@type\":\"ListItem\",\"position\":2,\"name\":\"Shop\",\"item\":\"https:\/\/boatsandyachtsworld.com\/shop\/\"},{\"@type\":\"ListItem\",\"position\":3,\"name\":\"Luxe Motor 16,20\"}]},{\"@type\":\"WebSite\",\"@id\":\"https:\/\/boatsandyachtsworld.com\/#website\",\"url\":\"https:\/\/boatsandyachtsworld.com\/\",\"name\":\"Boats &amp; Yatchs\",\"description\":\"Directory &amp; Listings WP Theme\",\"potentialAction\":[{\"@type\":\"SearchAction\",\"target\":{\"@type\":\"EntryPoint\",\"urlTemplate\":\"https:\/\/boatsandyachtsworld.com\/?s={search_term_string}\"},\"query-input\":{\"@type\":\"PropertyValueSpecification\",\"valueRequired\":true,\"valueName\":\"search_term_string\"}}],\"inLanguage\":\"es\"}]}<\/script>\n<!-- \/ Yoast SEO plugin. -->","yoast_head_json":{"title":"Luxe Motor 16,20 - Boats &amp; Yatchs","robots":{"index":"index","follow":"follow","max-snippet":"max-snippet:-1","max-image-preview":"max-image-preview:large","max-video-preview":"max-video-preview:-1"},"canonical":"https:\/\/boatsandyachtsworld.com\/es_es\/product\/luxe-motor-1620\/","og_locale":"es_ES","og_type":"article","og_title":"Luxe Motor 16,20 - Boats &amp; Yatchs","og_description":"Ce yacht \u00e0 moteur Vripack Luxe de 16,20 m est un bateau sur mesure. Il est construit en acier de haute qualit\u00e9. Ses am\u00e9nagements int\u00e9rieurs en bois lui conf\u00e8rent un charme vintage. Ce bateau est certifi\u00e9 pour la navigation maritime et fluviale, offrant un large \u00e9ventail d&rsquo;activit\u00e9s nautiques. Son \u00e9lectronique est moderne et adapt\u00e9e \u00e0 [&hellip;]","og_url":"https:\/\/boatsandyachtsworld.com\/es_es\/product\/luxe-motor-1620\/","og_site_name":"Boats &amp; Yatchs","article_modified_time":"2025-05-08T17:41:13+00:00","og_image":[{"width":900,"height":675,"url":"https:\/\/boatsandyachtsworld.com\/wp-content\/uploads\/2025\/05\/1.jpg","type":"image\/jpeg"}],"twitter_card":"summary_large_image","twitter_misc":{"Tiempo de lectura":"1 minuto"},"schema":{"@context":"https:\/\/schema.org","@graph":[{"@type":"WebPage","@id":"https:\/\/boatsandyachtsworld.com\/product\/luxe-motor-1620\/","url":"https:\/\/boatsandyachtsworld.com\/product\/luxe-motor-1620\/","name":"Luxe Motor 16,20 - Boats &amp; Yatchs","isPartOf":{"@id":"https:\/\/boatsandyachtsworld.com\/#website"},"primaryImageOfPage":{"@id":"https:\/\/boatsandyachtsworld.com\/product\/luxe-motor-1620\/#primaryimage"},"image":{"@id":"https:\/\/boatsandyachtsworld.com\/product\/luxe-motor-1620\/#primaryimage"},"thumbnailUrl":"https:\/\/boatsandyachtsworld.com\/wp-content\/uploads\/2025\/05\/1.jpg","datePublished":"2025-05-05T15:07:39+00:00","dateModified":"2025-05-08T17:41:13+00:00","breadcrumb":{"@id":"https:\/\/boatsandyachtsworld.com\/product\/luxe-motor-1620\/#breadcrumb"},"inLanguage":"es","potentialAction":[{"@type":"ReadAction","target":["https:\/\/boatsandyachtsworld.com\/product\/luxe-motor-1620\/"]}]},{"@type":"ImageObject","inLanguage":"es","@id":"https:\/\/boatsandyachtsworld.com\/product\/luxe-motor-1620\/#primaryimage","url":"https:\/\/boatsandyachtsworld.com\/wp-content\/uploads\/2025\/05\/1.jpg","contentUrl":"https:\/\/boatsandyachtsworld.com\/wp-content\/uploads\/2025\/05\/1.jpg","width":900,"height":675},{"@type":"BreadcrumbList","@id":"https:\/\/boatsandyachtsworld.com\/product\/luxe-motor-1620\/#breadcrumb","itemListElement":[{"@type":"ListItem","position":1,"name":"Home","item":"https:\/\/boatsandyachtsworld.com\/"},{"@type":"ListItem","position":2,"name":"Shop","item":"https:\/\/boatsandyachtsworld.com\/shop\/"},{"@type":"ListItem","position":3,"name":"Luxe Motor 16,20"}]},{"@type":"WebSite","@id":"https:\/\/boatsandyachtsworld.com\/#website","url":"https:\/\/boatsandyachtsworld.com\/","name":"Boats &amp; Yatchs","description":"Directory &amp; Listings WP Theme","potentialAction":[{"@type":"SearchAction","target":{"@type":"EntryPoint","urlTemplate":"https:\/\/boatsandyachtsworld.com\/?s={search_term_string}"},"query-input":{"@type":"PropertyValueSpecification","valueRequired":true,"valueName":"search_term_string"}}],"inLanguage":"es"}]}},"_links":{"self":[{"href":"https:\/\/boatsandyachtsworld.com\/es_es\/wp-json\/wp\/v2\/product\/3028","targetHints":{"allow":["GET"]}}],"collection":[{"href":"https:\/\/boatsandyachtsworld.com\/es_es\/wp-json\/wp\/v2\/product"}],"about":[{"href":"https:\/\/boatsandyachtsworld.com\/es_es\/wp-json\/wp\/v2\/types\/product"}],"replies":[{"embeddable":true,"href":"https:\/\/boatsandyachtsworld.com\/es_es\/wp-json\/wp\/v2\/comments?post=3028"}],"version-history":[{"count":3,"href":"https:\/\/boatsandyachtsworld.com\/es_es\/wp-json\/wp\/v2\/product\/3028\/revisions"}],"predecessor-version":[{"id":3231,"href":"https:\/\/boatsandyachtsworld.com\/es_es\/wp-json\/wp\/v2\/product\/3028\/revisions\/3231"}],"wp:featuredmedia":[{"embeddable":true,"href":"https:\/\/boatsandyachtsworld.com\/es_es\/wp-json\/wp\/v2\/media\/3029"}],"wp:attachment":[{"href":"https:\/\/boatsandyachtsworld.com\/es_es\/wp-json\/wp\/v2\/media?parent=3028"}],"wp:term":[{"taxonomy":"product_brand","embeddable":true,"href":"https:\/\/boatsandyachtsworld.com\/es_es\/wp-json\/wp\/v2\/product_brand?post=3028"},{"taxonomy":"product_cat","embeddable":true,"href":"https:\/\/boatsandyachtsworld.com\/es_es\/wp-json\/wp\/v2\/product_cat?post=3028"},{"taxonomy":"product_tag","embeddable":true,"href":"https:\/\/boatsandyachtsworld.com\/es_es\/wp-json\/wp\/v2\/product_tag?post=3028"}],"curies":[{"name":"wp","href":"https:\/\/api.w.org\/{rel}","templated":true}]}}